{"id":7,"date":"2017-07-31T19:20:18","date_gmt":"2017-07-31T19:20:18","guid":{"rendered":"http:\/\/www.syza.cz\/?page_id=7"},"modified":"2022-02-13T09:59:27","modified_gmt":"2022-02-13T09:59:27","slug":"home","status":"publish","type":"page","link":"https:\/\/www.syza.cz\/","title":{"rendered":"Home"},"content":{"rendered":"<p>elektromont\u00e1\u017ee \u00a0I \u00a0servis a revize \u00a0I \u00a0optick\u00e9 s\u00edt\u011b \u00a0I \u00a0po\u017e\u00e1rn\u00ed signalizace zabezpe\u010dovac\u00ed a kamerov\u00e9 syst\u00e9my \u00a0I\u00a0 fotovoltaick\u00e9 elektr\u00e1rny<\/p>\n","protected":false},"excerpt":{"rendered":"<p>elektromont\u00e1\u017ee \u00a0I \u00a0servis a revize \u00a0I \u00a0optick\u00e9 s\u00edt\u011b \u00a0I \u00a0po\u017e\u00e1rn\u00ed signalizace zabezpe\u010dovac\u00ed a kamerov\u00e9 syst\u00e9my \u00a0I\u00a0 fotovoltaick\u00e9 elektr\u00e1rny<\/p>\n","protected":false},"author":1,"featured_media":0,"parent":0,"menu_order":0,"comment_status":"closed","ping_status":"closed","template":"","meta":[],"_links":{"self":[{"href":"https:\/\/www.syza.cz\/index.php\/wp-json\/wp\/v2\/pages\/7"}],"collection":[{"href":"https:\/\/www.syza.cz\/index.php\/wp-json\/wp\/v2\/pages"}],"about":[{"href":"https:\/\/www.syza.cz\/index.php\/wp-json\/wp\/v2\/types\/page"}],"author":[{"embeddable":true,"href":"https:\/\/www.syza.cz\/index.php\/wp-json\/wp\/v2\/users\/1"}],"replies":[{"embeddable":true,"href":"https:\/\/www.syza.cz\/index.php\/wp-json\/wp\/v2\/comments?post=7"}],"version-history":[{"count":6,"href":"https:\/\/www.syza.cz\/index.php\/wp-json\/wp\/v2\/pages\/7\/revisions"}],"predecessor-version":[{"id":116,"href":"https:\/\/www.syza.cz\/index.php\/wp-json\/wp\/v2\/pages\/7\/revisions\/116"}],"wp:attachment":[{"href":"https:\/\/www.syza.cz\/index.php\/wp-json\/wp\/v2\/media?parent=7"}],"curies":[{"name":"wp","href":"https:\/\/api.w.org\/{rel}","templated":true}]}}