{"id":97,"date":"2022-02-13T09:20:59","date_gmt":"2022-02-13T09:20:59","guid":{"rendered":"https:\/\/www.syza.cz\/?page_id=97"},"modified":"2022-02-13T09:57:05","modified_gmt":"2022-02-13T09:57:05","slug":"fotovoltaika-a-rekuperace","status":"publish","type":"page","link":"https:\/\/www.syza.cz\/index.php\/fotovoltaika-a-rekuperace\/","title":{"rendered":"Fotovoltaika a rekuperace"},"content":{"rendered":"\n<p><strong>Fotovoltaika<\/strong><\/p>\n\n\n\n<p>Nab\u00edz\u00edme dod\u00e1vku a mont\u00e1\u017e <strong>fotovoltaick\u00fdch elektr\u00e1ren na rodinn\u00e9 a bytov\u00e9 domy i pro pr\u016fmyslov\u00e9 budovy<\/strong>. Sou\u010d\u00e1st\u00ed dod\u00e1vky je zaji\u0161t\u011bn\u00ed projektu a vy\u0159\u00edzen\u00ed dotac\u00ed v r\u00e1mci programu <strong>Nov\u00e1 zelen\u00e1 \u00faspor\u00e1m<\/strong>. <\/p>\n\n\n\n<p>S fotovoltaickou elektr\u00e1rnou: <\/p>\n\n\n\n<ul><li>m\u00e1te jistotu vr\u00e1cen\u00ed financ\u00ed s garantovanou dotac\u00ed<\/li><li>\u0161et\u0159\u00edte n\u00e1klady na&nbsp;elektrickou energii<\/li><li>jste energeticky nez\u00e1visl\u00ed na&nbsp;distribuci<\/li><li>p\u0159isp\u00edv\u00e1te k&nbsp;ochran\u011b \u017eivotn\u00edho prost\u0159ed\u00ed<\/li><li>zvy\u0161ujete hodnotu sv\u00e9 nemovitosti<\/li><\/ul>\n\n\n\n<p><\/p>\n\n\n\n<p><\/p>\n\n\n\n<p><strong>Rekuperace<\/strong><\/p>\n\n\n\n<p>Pro rodinn\u00e9 domy nab\u00edz\u00edme syst\u00e9m rekuperace &#8211;<strong> \u0159\u00edzen\u00e9 v\u011btr\u00e1n\u00ed se zp\u011btn\u00fdm z\u00edsk\u00e1n\u00edm tepla z odpadn\u00edho vzduchu.<\/strong>&nbsp; Na tyto syst\u00e9my je poskytov\u00e1na dotace v programu <strong>Nov\u00e1 zelen\u00e1 \u00faspor\u00e1m<\/strong>.<\/p>\n\n\n\n<p>Rekuperace s \u00fa\u010dinnou filtrac\u00ed a v\u00fdm\u011bn\u00edkem tepla v\u00e1m zaru\u010d\u00ed, \u017ee budete m\u00edt doma v\u017edy \u010derstv\u00fd a zdrav\u00fd vzduch, bez \u0161kodlivin. Kvalitn\u00edho a zdrav\u00e9ho ovzdu\u0161\u00ed doc\u00edl\u00edte pouze pravidelnou v\u00fdm\u011bnou vzduchu. Rekuperace v\u00e1m zaru\u010duje \u010derstv\u00fd vzduch bez ztr\u00e1ty tepla ve va\u0161em dom\u011b.<\/p>\n\n\n\n<p>Rekuperace je vhodn\u00e1 <strong>do v\u0161ech novostaveb, a\u0165 u\u017e se jedn\u00e1 o zd\u011bn\u00e9 \u010di d\u0159ev\u011bn\u00e9 domy. <\/strong><\/p>\n\n\n\n<p>S rekuperac\u00ed:<\/p>\n\n\n\n<ul><li>z\u00edsk\u00e1te kvalitn\u00ed vnit\u0159n\u00ed klima ve va\u0161em dom\u011b<\/li><li>\u0161et\u0159\u00edte energie na vyt\u00e1p\u011bn\u00ed<\/li><li>chr\u00e1n\u00edte sv\u00e9 zdrav\u00ed <\/li><li>m\u00e1te v\u017edy \u010derstv\u00fd vzduch<\/li><\/ul>\n\n\n\n<p><\/p>\n","protected":false},"excerpt":{"rendered":"<p>Fotovoltaika Nab\u00edz\u00edme dod\u00e1vku a mont\u00e1\u017e fotovoltaick\u00fdch elektr\u00e1ren na rodinn\u00e9 a bytov\u00e9 domy i pro pr\u016fmyslov\u00e9 budovy. Sou\u010d\u00e1st\u00ed dod\u00e1vky je zaji\u0161t\u011bn\u00ed projektu a vy\u0159\u00edzen\u00ed dotac\u00ed v r\u00e1mci programu Nov\u00e1 zelen\u00e1 \u00faspor\u00e1m. S fotovoltaickou elektr\u00e1rnou: m\u00e1te jistotu vr\u00e1cen\u00ed financ\u00ed s garantovanou dotac\u00ed \u0161et\u0159\u00edte n\u00e1klady na&nbsp;elektrickou energii jste energeticky nez\u00e1visl\u00ed na&nbsp;distribuci p\u0159isp\u00edv\u00e1te k&nbsp;ochran\u011b \u017eivotn\u00edho prost\u0159ed\u00ed zvy\u0161ujete hodnotu sv\u00e9 &hellip; <\/p>\n<p class=\"link-more\"><a href=\"https:\/\/www.syza.cz\/index.php\/fotovoltaika-a-rekuperace\/\" class=\"more-link\">Pokra\u010dovat ve \u010dten\u00ed<span class=\"screen-reader-text\"> &#8222;Fotovoltaika a rekuperace&#8220;<\/span><\/a><\/p>\n","protected":false},"author":1,"featured_media":107,"parent":0,"menu_order":0,"comment_status":"closed","ping_status":"closed","template":"","meta":[],"_links":{"self":[{"href":"https:\/\/www.syza.cz\/index.php\/wp-json\/wp\/v2\/pages\/97"}],"collection":[{"href":"https:\/\/www.syza.cz\/index.php\/wp-json\/wp\/v2\/pages"}],"about":[{"href":"https:\/\/www.syza.cz\/index.php\/wp-json\/wp\/v2\/types\/page"}],"author":[{"embeddable":true,"href":"https:\/\/www.syza.cz\/index.php\/wp-json\/wp\/v2\/users\/1"}],"replies":[{"embeddable":true,"href":"https:\/\/www.syza.cz\/index.php\/wp-json\/wp\/v2\/comments?post=97"}],"version-history":[{"count":6,"href":"https:\/\/www.syza.cz\/index.php\/wp-json\/wp\/v2\/pages\/97\/revisions"}],"predecessor-version":[{"id":114,"href":"https:\/\/www.syza.cz\/index.php\/wp-json\/wp\/v2\/pages\/97\/revisions\/114"}],"wp:featuredmedia":[{"embeddable":true,"href":"https:\/\/www.syza.cz\/index.php\/wp-json\/wp\/v2\/media\/107"}],"wp:attachment":[{"href":"https:\/\/www.syza.cz\/index.php\/wp-json\/wp\/v2\/media?parent=97"}],"curies":[{"name":"wp","href":"https:\/\/api.w.org\/{rel}","templated":true}]}}